{"id":581,"date":"2019-06-06T12:30:35","date_gmt":"2019-06-06T10:30:35","guid":{"rendered":"http:\/\/www.trendagentur.de\/gabriela_kaiser\/?page_id=581"},"modified":"2019-06-06T13:08:19","modified_gmt":"2019-06-06T11:08:19","slug":"datenschutzerklaerung","status":"publish","type":"page","link":"https:\/\/www.trendagentur.de\/gabriela_kaiser\/datenschutzerklaerung\/","title":{"rendered":"Datenschutzerkl\u00e4rung"},"content":{"rendered":"\n<p>Verantwortlicher im Sinne der Datenschutzgesetze, insbesondere der EU-Datenschutzgrundverordnung (DSGVO), ist:<\/p>\n\n\n\n<p>Gabriela Kaiser<br>Benediktenwandstr. 26<br>86899 Landsberg am Lech<br>Deutschland<br>gabriela.kaiser@trendagentur.de<\/p>\n\n\n\n<h3 class=\"wp-block-heading\">Ihre Betroffenenrechte<\/h3>\n\n\n\n<p>Unter den angegebenen Kontaktdaten k\u00f6nnen Sie jederzeit folgende Rechte aus\u00fcben:<\/p>\n\n\n\n<ul class=\"wp-block-list\"><li>Auskunft \u00fcber Ihre bei uns gespeicherten Daten und deren Verarbeitung (Art. 15 DSGVO),<\/li><li>Berichtigung unrichtiger personenbezogener Daten (Art. 16 DSGVO),<\/li><li>L\u00f6schung Ihrer bei uns gespeicherten Daten (Art. 17 DSGVO),<\/li><li>Einschr\u00e4nkung der Datenverarbeitung, sofern wir Ihre Daten aufgrund gesetzlicher Pflichten noch nicht l\u00f6schen d\u00fcrfen (Art. 18 DSGVO),<\/li><li>Widerspruch gegen die Verarbeitung Ihrer Daten bei uns (Art. 21 DSGVO) und<\/li><li>Daten\u00fcbertragbarkeit, sofern Sie in die Datenverarbeitung eingewilligt haben oder einen Vertrag mit uns abgeschlossen haben (Art. 20 DSGVO).<\/li><\/ul>\n\n\n\n<p>Sofern Sie uns eine Einwilligung erteilt haben, k\u00f6nnen Sie diese jederzeit mit Wirkung f\u00fcr die Zukunft widerrufen.<\/p>\n\n\n\n<p>Sie k\u00f6nnen sich jederzeit mit einer Beschwerde an eine Aufsichtsbeh\u00f6rde wenden, z. B. an die zust\u00e4ndige Aufsichtsbeh\u00f6rde des Bundeslands Ihres Wohnsitzes oder an die f\u00fcr uns als verantwortliche Stelle zust\u00e4ndige Beh\u00f6rde.<\/p>\n\n\n\n<h3 class=\"wp-block-heading\"><strong>Kommentarfunktion<\/strong><\/h3>\n\n\n\n<p><strong>Art und Zweck der Verarbeitung:<\/strong><br>Wenn Nutzer Kommentare auf unserer Website hinterlassen, werden neben diesen Angaben auch der Zeitpunkt ihrer Erstellung und der zuvor durch den Websitebesucher gew\u00e4hlte Nutzername gespeichert. Dies dient unserer Sicherheit, da wir f\u00fcr widerrechtliche Inhalte auf unserer Webseite belangt werden k\u00f6nnen, auch wenn diese durch Benutzer erstellt wurden.<\/p>\n\n\n\n<p><strong>Rechtsgrundlage:<\/strong><br>Die Verarbeitung der als Kommentar eingegebenen Daten erfolgt auf der Grundlage eines berechtigten Interesses (Art. 6 Abs. 1 lit. f DSGVO).  Durch Bereitstellung der Kommentarfunktion m\u00f6chten wir Ihnen eine  unkomplizierte Interaktion erm\u00f6glichen. Ihre gemachten Angaben werden  zum Zwecke der Bearbeitung der Anfrage sowie f\u00fcr m\u00f6gliche  Anschlussfragen gespeichert. <\/p>\n\n\n\n<p><strong>Empf\u00e4nger:<\/strong><br>Empf\u00e4nger der Daten sind ggf. Auftragsverarbeiter.<\/p>\n\n\n\n<p><strong>Speicherdauer:<\/strong><br>Die Daten werden gel\u00f6scht, sobald diese f\u00fcr den Zweck der Erhebung nicht mehr erforderlich sind. Dies ist grunds\u00e4tzlich der Fall, wenn die Kommunikation mit dem Nutzer abgeschlossen ist und das Unternehmen den Umst\u00e4nden entnehmen kann, dass der betroffene Sachverhalt abschlie\u00dfend gekl\u00e4rt ist.<\/p>\n\n\n\n<p><strong>Bereitstellung vorgeschrieben oder erforderlich:<\/strong><br>Die Bereitstellung Ihrer personenbezogenen Daten erfolgt freiwillig. Ohne die Bereitstellung Ihrer personenbezogenen Daten k\u00f6nnen wir Ihnen keinen Zugang zu unserer Kommentarfunktion gew\u00e4hren.<\/p>\n\n\n\n<h3 class=\"wp-block-heading\">Eingebettete YouTube-Videos<\/h3>\n\n\n\n<p><strong>Art und Zweck der Verarbeitung:<\/strong><br>Auf einigen unserer Webseiten betten wir YouTube-Videos ein. Betreiber der entsprechenden Plugins ist die YouTube, LLC, 901 Cherry Ave., San Bruno, CA 94066, USA (nachfolgend \u201eYouTube\u201c). Wenn Sie eine Seite mit dem YouTube-Plugin besuchen, wird eine Verbindung zu Servern von YouTube hergestellt. Dabei wird YouTube mitgeteilt, welche Seiten Sie besuchen. Wenn Sie in Ihrem YouTube-Account eingeloggt sind, kann YouTube Ihr Surfverhalten Ihnen pers\u00f6nlich zuzuordnen. Dies verhindern Sie, indem Sie sich vorher aus Ihrem YouTube-Account ausloggen. Wird ein YouTube-Video gestartet, setzt der Anbieter Cookies ein, die Hinweise \u00fcber das Nutzerverhalten sammeln. Weitere Informationen zu Zweck und Umfang der Datenerhebung und ihrer  Verarbeitung durch YouTube erhalten Sie in den Datenschutzerkl\u00e4rungen  des Anbieters. Dort erhalten Sie auch weitere Informationen zu Ihren  diesbez\u00fcglichen Rechten und Einstellungsm\u00f6glichkeiten zum Schutze Ihrer  Privatsph\u00e4re. Google verarbeitet Ihre Daten in den USA und hat sich dem  EU-US Privacy Shield unterworfen. <\/p>\n\n\n\n<p><strong>Rechtsgrundlage:<\/strong><br>Rechtsgrundlage f\u00fcr die Einbindung von YouTube und dem damit verbundenen  Datentransfer zu Google ist Ihre Einwilligung (Art. 6 Abs. 1 lit. a  DSGVO). <\/p>\n\n\n\n<p><strong>Empf\u00e4nger:<\/strong><br>Der Aufruf von YouTube l\u00f6st automatisch eine Verbindung zu Google aus.<\/p>\n\n\n\n<p><strong>Speicherdauer und Widerruf der Einwilligung:<\/strong><br>Wer das Speichern von Cookies f\u00fcr das Google-Ad-Programm deaktiviert hat, wird auch beim Anschauen von YouTube-Videos mit keinen solchen Cookies rechnen m\u00fcssen. YouTube legt aber auch in anderen Cookies nicht-personenbezogene Nutzungsinformationen ab. M\u00f6chten Sie dies verhindern, so m\u00fcssen Sie das Speichern von Cookies im Browser blockieren.<\/p>\n\n\n\n<p>Weitere Informationen zum Datenschutz bei \u201eYouTube\u201c finden Sie in der Datenschutzerkl\u00e4rung des Anbieters.<\/p>\n\n\n\n<h3 class=\"wp-block-heading\">SSL-Verschl\u00fcsselung<\/h3>\n\n\n\n<p>Um die Sicherheit Ihrer Daten bei der \u00dcbertragung zu sch\u00fctzen, verwenden wir dem aktuellen Stand der Technik entsprechende Verschl\u00fcsselungsverfahren (z. B. SSL) \u00fcber HTTPS.<\/p>\n\n\n\n<h3 class=\"wp-block-heading\">\u00c4nderung unserer Datenschutzbestimmungen<\/h3>\n\n\n\n<p>Wir behalten uns vor, diese Datenschutzerkl\u00e4rung anzupassen, damit sie stets den aktuellen rechtlichen Anforderungen entspricht oder um \u00c4nderungen unserer Leistungen in der Datenschutzerkl\u00e4rung umzusetzen, z.B. bei der Einf\u00fchrung neuer Services. F\u00fcr Ihren erneuten Besuch gilt dann die neue Datenschutzerkl\u00e4rung.<\/p>\n\n\n\n<h3 class=\"wp-block-heading\">Fragen zu Ihrem Datenschutz<\/h3>\n\n\n\n<p>Wenn Sie Fragen zum Datenschutz haben, schreiben Sie bitte eine E-Mail an gabriela.kaiser@trendagentur.de<\/p>\n","protected":false},"excerpt":{"rendered":"<p>Verantwortlicher im Sinne der Datenschutzgesetze, insbesondere der EU-Datenschutzgrundverordnung (DSGVO), ist: Gabriela KaiserBenediktenwandstr. 2686899 Landsberg am LechDeutschlandgabriela.kaiser@trendagentur.de Ihre Betroffenenrechte Unter den angegebenen Kontaktdaten k\u00f6nnen Sie jederzeit folgende Rechte aus\u00fcben: Auskunft \u00fcber Ihre bei uns gespeicherten Daten und deren Verarbeitung (Art. 15 DSGVO), Berichtigung unrichtiger personenbezogener Daten (Art. 16 DSGVO), L\u00f6schung Ihrer &#8230;<\/p>\n","protected":false},"author":1,"featured_media":0,"parent":0,"menu_order":0,"comment_status":"closed","ping_status":"closed","template":"","meta":{"footnotes":""},"class_list":["post-581","page","type-page","status-publish","hentry","column","threecol"],"_links":{"self":[{"href":"https:\/\/www.trendagentur.de\/gabriela_kaiser\/wp-json\/wp\/v2\/pages\/581","targetHints":{"allow":["GET"]}}],"collection":[{"href":"https:\/\/www.trendagentur.de\/gabriela_kaiser\/wp-json\/wp\/v2\/pages"}],"about":[{"href":"https:\/\/www.trendagentur.de\/gabriela_kaiser\/wp-json\/wp\/v2\/types\/page"}],"author":[{"embeddable":true,"href":"https:\/\/www.trendagentur.de\/gabriela_kaiser\/wp-json\/wp\/v2\/users\/1"}],"replies":[{"embeddable":true,"href":"https:\/\/www.trendagentur.de\/gabriela_kaiser\/wp-json\/wp\/v2\/comments?post=581"}],"version-history":[{"count":7,"href":"https:\/\/www.trendagentur.de\/gabriela_kaiser\/wp-json\/wp\/v2\/pages\/581\/revisions"}],"predecessor-version":[{"id":592,"href":"https:\/\/www.trendagentur.de\/gabriela_kaiser\/wp-json\/wp\/v2\/pages\/581\/revisions\/592"}],"wp:attachment":[{"href":"https:\/\/www.trendagentur.de\/gabriela_kaiser\/wp-json\/wp\/v2\/media?parent=581"}],"curies":[{"name":"wp","href":"https:\/\/api.w.org\/{rel}","templated":true}]}}