{"id":13,"date":"2014-07-17T17:07:52","date_gmt":"2014-07-17T15:07:52","guid":{"rendered":"http:\/\/www.trendagentur.de\/gabriela_kaiser\/?page_id=13"},"modified":"2014-07-18T08:39:20","modified_gmt":"2014-07-18T06:39:20","slug":"ueber-mich","status":"publish","type":"page","link":"https:\/\/www.trendagentur.de\/gabriela_kaiser\/ueber-mich\/","title":{"rendered":"Kopf"},"content":{"rendered":"<p>Hallo!<\/p>\n<p>ich bin 1969 in Frankfurt am Main geboren. Nach einem klassischen Abitur habe ich bei Peek&amp;Cloppenburg die Substituten-Ausbildung absolviert, bin also vor der Handelskammer gepr\u00fcfte Kauffrau im Einzelhandel und Handelsassistentin. Da mich das dann doch nicht so ganz gl\u00fccklich gemacht hat, meist im Verkauf zu stehen, entschloss ich mich Textiltechnik mit Schwerpunkt Design in M\u00f6nchengladbach zu studieren. Dort entdeckte ich meine Liebe zu Strickdesign und spezialisierte mich darauf mit zus\u00e4tzlichen Kursen bei Strickmaschinenherstellern. Nach meinem Studium habe ich ca. 6 Jahre als angestellte Designerin f\u00fcr Damen-Strickmode gearbeitet und war damit sehr gl\u00fccklich. Nachdem mein Mann, den ich zwischenzeitlich geheiratet hatte, eine neue Stelle in Oberfranken antreten wollte, war das 2002 mein Schritt in die Selbstst\u00e4ndigkeit. 2003 bekam ich dann meinen ersten Sohn und 2005 meinen Zweiten. Dies hinderte mich allerdings nicht im Geringsten weiter zu arbeiten &#8211; zeitweise eben etwas weniger &#8211; seit Sommer 2013 nun von Landsberg aus. Meine Arbeit macht mir einfach wahnsinnig viel Spa\u00df! Nach und nach erweiterte sich mein Aufgabenbereich und ich wurde mehr und mehr zur Trendspezialistin in Sachen Wohnen. Dazu aber mehr unter www.TRENDagentur.de.<\/p>\n","protected":false},"excerpt":{"rendered":"<p>Hallo! ich bin 1969 in Frankfurt am Main geboren. Nach einem klassischen Abitur habe ich bei Peek&amp;Cloppenburg die Substituten-Ausbildung absolviert, bin also vor der Handelskammer gepr\u00fcfte Kauffrau im Einzelhandel und Handelsassistentin. Da mich das dann doch nicht so ganz gl\u00fccklich gemacht hat, meist im Verkauf zu stehen, entschloss ich mich &#8230;<\/p>\n","protected":false},"author":1,"featured_media":0,"parent":0,"menu_order":0,"comment_status":"open","ping_status":"open","template":"","meta":{"footnotes":""},"class_list":["post-13","page","type-page","status-publish","hentry","column","threecol"],"_links":{"self":[{"href":"https:\/\/www.trendagentur.de\/gabriela_kaiser\/wp-json\/wp\/v2\/pages\/13","targetHints":{"allow":["GET"]}}],"collection":[{"href":"https:\/\/www.trendagentur.de\/gabriela_kaiser\/wp-json\/wp\/v2\/pages"}],"about":[{"href":"https:\/\/www.trendagentur.de\/gabriela_kaiser\/wp-json\/wp\/v2\/types\/page"}],"author":[{"embeddable":true,"href":"https:\/\/www.trendagentur.de\/gabriela_kaiser\/wp-json\/wp\/v2\/users\/1"}],"replies":[{"embeddable":true,"href":"https:\/\/www.trendagentur.de\/gabriela_kaiser\/wp-json\/wp\/v2\/comments?post=13"}],"version-history":[{"count":5,"href":"https:\/\/www.trendagentur.de\/gabriela_kaiser\/wp-json\/wp\/v2\/pages\/13\/revisions"}],"predecessor-version":[{"id":61,"href":"https:\/\/www.trendagentur.de\/gabriela_kaiser\/wp-json\/wp\/v2\/pages\/13\/revisions\/61"}],"wp:attachment":[{"href":"https:\/\/www.trendagentur.de\/gabriela_kaiser\/wp-json\/wp\/v2\/media?parent=13"}],"curies":[{"name":"wp","href":"https:\/\/api.w.org\/{rel}","templated":true}]}}