{"id":1079,"date":"2023-11-19T12:54:33","date_gmt":"2023-11-19T10:54:33","guid":{"rendered":"https:\/\/www.trendagentur.de\/gabriela_kaiser\/?page_id=1079"},"modified":"2026-03-01T22:03:43","modified_gmt":"2026-03-01T20:03:43","slug":"links","status":"publish","type":"page","link":"https:\/\/www.trendagentur.de\/gabriela_kaiser\/links\/","title":{"rendered":"Linksab"},"content":{"rendered":"\n<p class=\"has-text-align-center\">Blumen aus Strickschl\u00e4uchen > <a href=\"https:\/\/youtu.be\/xt7e3UBc7W8?si=dPFpBsWK4Ipe-NsE\" target=\"_blank\" rel=\"noreferrer noopener\">YouTube-Anleitung<\/a><br>CREATIVA Netztasche h\u00e4keln Workshop > <a href=\"https:\/\/www.messe-creativa.de\/workshop-area-halle-4\/\" data-type=\"link\" data-id=\"https:\/\/www.messe-creativa.de\/workshop-area-halle-4\/\" target=\"_blank\" rel=\"noreferrer noopener\">zur Workshop-Anmeldung<\/a><br>Netztasche quer geh\u00e4kelt > <a href=\"https:\/\/youtu.be\/jzwEgkgaTwM?si=0h8N9RoRth-s3Zwm\" target=\"_blank\" rel=\"noreferrer noopener\">YouTube-Video<\/a><br>CREATIVA Furoshiki-Workshop > <a href=\"https:\/\/www.messe-creativa.de\/workshop-area-halle-4\/\" target=\"_blank\" rel=\"noreferrer noopener\">zur Workshop-Anmeldung<\/a><br>Origami Kranich falten -> <a href=\"https:\/\/youtu.be\/JA7KYo10ors?si=1K_1h6ix-UlLC0_d\" target=\"_blank\" rel=\"noreferrer noopener\">YouTube-Anleitung<\/a><br>Rippen-Pullover stricken ohne ab- und zunehmen > <a href=\"https:\/\/youtu.be\/-3igJQgy5D8?si=tcJ3khXT6W6LnYYm\" target=\"_blank\" rel=\"noreferrer noopener\">YouTube-Anleitung<\/a><br>6-eckiges Tischset > <a href=\"https:\/\/www.myboshi.net\/anleitungen\/haus-garten\/tischlaeufer-untersetzer\/6-eckiges-tischset-haekeln-einfache-anleitung.html\" target=\"_blank\" rel=\"noreferrer noopener\">schriftliche Anleitung<\/a><br>6-eckiges Tischset + Untersetzer h\u00e4keln > <a href=\"https:\/\/youtu.be\/jouls2SwwWA\" target=\"_blank\" rel=\"noreferrer noopener\">YouTube-Anleitung<\/a><br>Vasenhusse f\u00fcr Einzelblumen h\u00e4keln ><a href=\"https:\/\/youtu.be\/vUyu-wsxFV0?si=uequjD8hU-Z6kptt\" target=\"_blank\" rel=\"noreferrer noopener\">YouTube-Anleitung<\/a><br>Rippen-Pullunder ohne ab- und zunehmen > <a href=\"https:\/\/www.myboshi.net\/anleitungen\/mode\/pullover\/strickanleitung-rippenpullunder-ohne-ab-oder-zunehmen.html?listtype=search&amp;searchparam=kaiser.kreativ\" target=\"_blank\" rel=\"noreferrer noopener\">schriftliche Anleitung<\/a><br>Rippen-Pullunder ohne ab- und zunehmen > <a href=\"https:\/\/youtu.be\/go3E8W2fd7o?si=dO2dtHOTchDMFVvX\" target=\"_blank\" rel=\"noreferrer noopener\">YouTube-Anleitung<\/a><br>Stickdesign f\u00fcr Stoffserviette ><a href=\"https:\/\/youtu.be\/u0dw4t-IJL4?si=iy4fGz4i9YOHdglk\" target=\"_blank\" rel=\"noreferrer noopener\">YouTube-Anleitung<\/a><br>Kurzschal quer geh\u00e4kelt mit Streifen > <a href=\"https:\/\/youtu.be\/WY2DkinBztE?si=CULwuvxIyKYZO86U\" target=\"_blank\" rel=\"noreferrer noopener\">YouTube-Anleitung<\/a><br>Nickytuch \/ kleines Dreieckstuch h\u00e4keln > <a href=\"https:\/\/youtu.be\/TizYzvY7vzw?si=tW0JlJFDZVUtPf2N\" target=\"_blank\" rel=\"noreferrer noopener\">YouTube-Anleitung<\/a><br>Mini-Netztasche h\u00e4keln > <a href=\"https:\/\/youtu.be\/Crlqk-2CmOk?si=COzKzv4sAkZhxw38\" target=\"_blank\" rel=\"noreferrer noopener\">YouTube-Anleitung<\/a><br>Blumen-Kugel-Kissen h\u00e4keln &#8211; Teil 2 > <a href=\"https:\/\/youtu.be\/x06bS2H8q_0\" target=\"_blank\" rel=\"noreferrer noopener\">YouTube-Anleitung<\/a><br>Blumen-Kugel-Kissen h\u00e4keln &#8211; Teil 1 > <a href=\"https:\/\/youtu.be\/rsmn7F4b9D4?si=poRBISHmAE2Q5iVg\" target=\"_blank\" rel=\"noreferrer noopener\">YouTube-Anleitung<\/a><br>Flaschentasche h\u00e4keln > <a href=\"https:\/\/youtu.be\/aaf2tNacpUQ?si=cqKdpoqV1jp2qQZT\" target=\"_blank\" rel=\"noreferrer noopener\">YouTube-Anleitung<\/a><br>Top\/Pullunder als 1 Teil stricken > <a href=\"https:\/\/youtu.be\/DuuU8Ne7P_g?si=gucM3xEN_eYRcBxQ\" target=\"_blank\" rel=\"noreferrer noopener\">YouTube-Anleitung<\/a><br>Kurzschal quer geh\u00e4kelt > <a href=\"https:\/\/youtu.be\/o097WQmqD5A?si=58uSUMe02h72l647\" target=\"_blank\" rel=\"noreferrer noopener\">YouTube-Anleitung<\/a><br>elastisches Abketten eines Rippenb\u00fcndchens > <a href=\"https:\/\/youtu.be\/ObnvIEO9bEI?si=rSeQz_vb8JxQQT-h\" target=\"_blank\" rel=\"noreferrer noopener\">YouTube-Anleitung <\/a><br>Servietten, \/ Waschlappen \/ Sp\u00fclt\u00fccher stricken > <a href=\"https:\/\/youtu.be\/6r3GpzVI9Dk?si=3JOmMwVbyGbymMEt\" target=\"_blank\" rel=\"noreferrer noopener\">YouTube-Video<\/a><br>Serviette \/ Waschlappen stricken > <a href=\"https:\/\/youtu.be\/ynnCSgAVTAE?si=cnewe1Pk27z17DWD\" target=\"_blank\" rel=\"noreferrer noopener\">YouTube-Video<\/a><br>Netzs\u00e4ckchen mit \u00c4sten h\u00e4keln > <a href=\"https:\/\/youtu.be\/d47kbAoylfI?si=KAVV0OnfjgdqE5hO\" target=\"_blank\" rel=\"noreferrer noopener\">YouTube-Video<\/a><br><br><br><\/p>\n","protected":false},"excerpt":{"rendered":"<p>Blumen aus Strickschl\u00e4uchen > YouTube-AnleitungCREATIVA Netztasche h\u00e4keln Workshop > zur Workshop-AnmeldungNetztasche quer geh\u00e4kelt > YouTube-VideoCREATIVA Furoshiki-Workshop > zur Workshop-AnmeldungOrigami Kranich falten -> YouTube-AnleitungRippen-Pullover stricken ohne ab- und zunehmen > YouTube-Anleitung6-eckiges Tischset > schriftliche Anleitung6-eckiges Tischset + Untersetzer h\u00e4keln > YouTube-AnleitungVasenhusse f\u00fcr Einzelblumen h\u00e4keln >YouTube-AnleitungRippen-Pullunder ohne ab- und zunehmen > schriftliche &#8230;<\/p>\n","protected":false},"author":1,"featured_media":0,"parent":0,"menu_order":0,"comment_status":"closed","ping_status":"closed","template":"","meta":{"footnotes":""},"class_list":["post-1079","page","type-page","status-publish","hentry","column","threecol"],"_links":{"self":[{"href":"https:\/\/www.trendagentur.de\/gabriela_kaiser\/wp-json\/wp\/v2\/pages\/1079","targetHints":{"allow":["GET"]}}],"collection":[{"href":"https:\/\/www.trendagentur.de\/gabriela_kaiser\/wp-json\/wp\/v2\/pages"}],"about":[{"href":"https:\/\/www.trendagentur.de\/gabriela_kaiser\/wp-json\/wp\/v2\/types\/page"}],"author":[{"embeddable":true,"href":"https:\/\/www.trendagentur.de\/gabriela_kaiser\/wp-json\/wp\/v2\/users\/1"}],"replies":[{"embeddable":true,"href":"https:\/\/www.trendagentur.de\/gabriela_kaiser\/wp-json\/wp\/v2\/comments?post=1079"}],"version-history":[{"count":56,"href":"https:\/\/www.trendagentur.de\/gabriela_kaiser\/wp-json\/wp\/v2\/pages\/1079\/revisions"}],"predecessor-version":[{"id":1237,"href":"https:\/\/www.trendagentur.de\/gabriela_kaiser\/wp-json\/wp\/v2\/pages\/1079\/revisions\/1237"}],"wp:attachment":[{"href":"https:\/\/www.trendagentur.de\/gabriela_kaiser\/wp-json\/wp\/v2\/media?parent=1079"}],"curies":[{"name":"wp","href":"https:\/\/api.w.org\/{rel}","templated":true}]}}